{"id":15,"date":"2015-01-03T20:30:53","date_gmt":"2015-01-03T19:30:53","guid":{"rendered":"http:\/\/frontal.richard-wolfram.de\/?page_id=15"},"modified":"2016-08-27T22:05:16","modified_gmt":"2016-08-27T21:05:16","slug":"ueber","status":"publish","type":"page","link":"https:\/\/frontal.richard-wolfram.de\/?page_id=15","title":{"rendered":"\u00dcber&#8230;"},"content":{"rendered":"<p><a href=\"https:\/\/frontal.richard-wolfram.de\/wp-content\/uploads\/2015\/01\/Blog_About_Header.jpg\"><img loading=\"lazy\" decoding=\"async\" class=\"alignleft wp-image-812 size-full\" src=\"https:\/\/frontal.richard-wolfram.de\/wp-content\/uploads\/2015\/01\/Blog_About_Header.jpg\" width=\"1994\" height=\"388\" srcset=\"https:\/\/frontal.richard-wolfram.de\/wp-content\/uploads\/2015\/01\/Blog_About_Header.jpg 1994w, https:\/\/frontal.richard-wolfram.de\/wp-content\/uploads\/2015\/01\/Blog_About_Header-300x58.jpg 300w, https:\/\/frontal.richard-wolfram.de\/wp-content\/uploads\/2015\/01\/Blog_About_Header-768x149.jpg 768w, https:\/\/frontal.richard-wolfram.de\/wp-content\/uploads\/2015\/01\/Blog_About_Header-1024x199.jpg 1024w, https:\/\/frontal.richard-wolfram.de\/wp-content\/uploads\/2015\/01\/Blog_About_Header-1200x234.jpg 1200w\" sizes=\"auto, (max-width: 1994px) 100vw, 1994px\" \/><\/a><\/p>\n<p>&#8230;Onkel Tom<\/p>\n<p><em>Allgemeines<\/em><\/p>\n<ul>\n<li>Geboren als Sohn seiner Eltern irgendwann im letzen Drittel des vorherigen Jahrtausends<\/li>\n<li>Aufgezogen, erzogen und verzogen sowie schulisch gebildet und verblendet in der N\u00e4he von Frankfurt am Main<\/li>\n<li>Erfolgreich abgebrochenes Studium der Germanistik mit kleinen Ausfl\u00fcgen in die Psychologie und Soziologie<\/li>\n<li>Gelernter Informatiker mit Hang zu philosophischem Quellcode<\/li>\n<li>Gl\u00fccklich fest verdrahtet und verschwei\u00dft mit Frau samt Ziehsohn<\/li>\n<\/ul>\n<p><em>Berufliches<\/em><\/p>\n<ul>\n<li>Libero auf dem Schlachtfeld der Softwareentwicklung<\/li>\n<li>Programmquellcode produzieren und danach die Sicherheitsl\u00fccken finden, die von den Kollegen und einem selbst in die Software eingebacken wurden<\/li>\n<\/ul>\n<p><em>Sportliches<\/em><\/p>\n<ul>\n<li>Schwimmen, Radfahren, Laufen &#8211; gerne auch direkt hintereinander (wird von Sportexperten h\u00e4ufig als Triathlon bezeichnet), oder auch nur Laufen, oder nur Radfahren&#8230; auf jeden Fall Dinge tun, bei der eine gro\u00dfe Menge an Erwachsenen sich ohne ersichtlichen Grund stundenlang \u00fcber den Asphalt qu\u00e4lt und daf\u00fcr auch noch Geld bezahlt<\/li>\n<\/ul>\n<p><em>Musikalisches<\/em><\/p>\n<ul>\n<li>elektronisch und d\u00fcster (und manchmal sogar selbst gebaut)<\/li>\n<li>gitarrig und bunt<\/li>\n<li>oder anders rum<\/li>\n<\/ul>\n<p><em>Sonstiges<\/em><\/p>\n<ul>\n<li>ehemaliger Weltreisender mit regelm\u00e4\u00dfigen Reisedrang<\/li>\n<li>Deutschtouristophob<\/li>\n<li>verkappter Nordmann mit Hang zu skandinavischen L\u00e4ndern<\/li>\n<\/ul>\n<p><em>&#8230;und anderes<\/em><\/p>\n","protected":false},"excerpt":{"rendered":"<p>&#8230;Onkel Tom Allgemeines Geboren als Sohn seiner Eltern irgendwann im letzen Drittel des vorherigen Jahrtausends Aufgezogen, erzogen und verzogen sowie schulisch gebildet und verblendet in der N\u00e4he von Frankfurt am Main Erfolgreich abgebrochenes Studium der Germanistik mit kleinen Ausfl\u00fcgen in die Psychologie und Soziologie Gelernter Informatiker mit Hang zu philosophischem Quellcode Gl\u00fccklich fest verdrahtet und [&hellip;]<\/p>\n","protected":false},"author":1,"featured_media":0,"parent":0,"menu_order":0,"comment_status":"closed","ping_status":"closed","template":"","meta":{"ngg_post_thumbnail":0,"footnotes":""},"class_list":["post-15","page","type-page","status-publish","hentry"],"_links":{"self":[{"href":"https:\/\/frontal.richard-wolfram.de\/index.php?rest_route=\/wp\/v2\/pages\/15","targetHints":{"allow":["GET"]}}],"collection":[{"href":"https:\/\/frontal.richard-wolfram.de\/index.php?rest_route=\/wp\/v2\/pages"}],"about":[{"href":"https:\/\/frontal.richard-wolfram.de\/index.php?rest_route=\/wp\/v2\/types\/page"}],"author":[{"embeddable":true,"href":"https:\/\/frontal.richard-wolfram.de\/index.php?rest_route=\/wp\/v2\/users\/1"}],"replies":[{"embeddable":true,"href":"https:\/\/frontal.richard-wolfram.de\/index.php?rest_route=%2Fwp%2Fv2%2Fcomments&post=15"}],"version-history":[{"count":8,"href":"https:\/\/frontal.richard-wolfram.de\/index.php?rest_route=\/wp\/v2\/pages\/15\/revisions"}],"predecessor-version":[{"id":813,"href":"https:\/\/frontal.richard-wolfram.de\/index.php?rest_route=\/wp\/v2\/pages\/15\/revisions\/813"}],"wp:attachment":[{"href":"https:\/\/frontal.richard-wolfram.de\/index.php?rest_route=%2Fwp%2Fv2%2Fmedia&parent=15"}],"curies":[{"name":"wp","href":"https:\/\/api.w.org\/{rel}","templated":true}]}}